{"id":119,"date":"2021-01-24T20:34:31","date_gmt":"2021-01-24T20:34:31","guid":{"rendered":"http:\/\/residerocanada.com\/recrutement\/?page_id=119"},"modified":"2021-01-30T06:39:18","modified_gmt":"2021-01-30T06:39:18","slug":"travailleurs","status":"publish","type":"page","link":"https:\/\/residerocanada.com\/recrutement\/travailleurs\/","title":{"rendered":"Travailleurs"},"content":{"rendered":"\t\t<div data-elementor-type=\"wp-page\" data-elementor-id=\"119\" class=\"elementor elementor-119\" data-elementor-settings=\"[]\">\n\t\t\t\t\t\t<div class=\"elementor-inner\">\n\t\t\t\t\t\t\t<div class=\"elementor-section-wrap\">\n\t\t\t\t\t\t\t<section class=\"has_ae_slider elementor-section elementor-top-section elementor-element elementor-element-1f5e7ef4 elementor-section-boxed elementor-section-height-default elementor-section-height-default\" data-id=\"1f5e7ef4\" data-element_type=\"section\" data-settings=\"{&quot;ekit_has_onepagescroll_dot&quot;:&quot;yes&quot;}\">\n\t\t\t\t\t\t\t<div class=\"elementor-background-overlay\"><\/div>\n\t\t\t\t\t\t\t<div class=\"elementor-container elementor-column-gap-default\">\n\t\t\t\t\t\t\t<div class=\"elementor-row\">\n\t\t\t\t\t<div class=\"has_ae_slider elementor-column elementor-col-50 elementor-top-column elementor-element elementor-element-25a343e8\" data-id=\"25a343e8\" data-element_type=\"column\">\n\t\t\t<div class=\"elementor-column-wrap elementor-element-populated\">\n\t\t\t\t\t\t\t<div class=\"elementor-widget-wrap\">\n\t\t\t\t\t\t<div class=\"elementor-element elementor-element-6f9d62c8 elementor-widget elementor-widget-text-editor\" data-id=\"6f9d62c8\" data-element_type=\"widget\" data-widget_type=\"text-editor.default\">\n\t\t\t\t<div class=\"elementor-widget-container\">\n\t\t\t\t\t<div class=\"elementor-text-editor elementor-clearfix\"><p>Vous qui \u00eates\u00a0\u00e0 la recherche d&#8217;un emploi au Canada, vous \u00eates\u00a0\u00e0 la bonne place. <strong>Intervalle Recrutement<\/strong> est une agence de placement sp\u00e9cialis\u00e9e dans le recrutement de travailleurs \u00e9trangers temporaires.\u00a0<\/p><p>Pour r\u00e9<span style=\"font-style: inherit; font-weight: inherit;\">pondre aux besoins criants des employeurs canadiens et qu<\/span>\u00e9b\u00e9<span style=\"font-style: inherit; font-weight: inherit;\">cois en qu\u00eate de travailleurs qualifi<\/span><span style=\"font-style: inherit; font-weight: inherit;\">\u00e9<\/span><span style=\"font-style: inherit; font-weight: inherit;\">s capables de garder en vie leurs entreprises, <strong>Intervalle Recrutement<\/strong> re\u00e7oit des centaines de CV pour constituer son bassin de candidats pr<\/span>\u00ea<span style=\"font-style: inherit; font-weight: inherit;\">ts\u00a0<\/span>\u00e0<span style=\"font-style: inherit; font-weight: inherit;\">\u00a0venir travailler au Canada.<\/span><\/p><p>Si vous pensez avoir la formation et l&#8217;exp\u00e9rience n\u00e9cessaires, envoyez-nous votre CV d\u00e8s maintenant !<\/p><\/div>\n\t\t\t\t<\/div>\n\t\t\t\t<\/div>\n\t\t\t\t\t\t<\/div>\n\t\t\t\t\t<\/div>\n\t\t<\/div>\n\t\t\t\t<div class=\"has_ae_slider elementor-column elementor-col-50 elementor-top-column elementor-element elementor-element-59a2408\" data-id=\"59a2408\" data-element_type=\"column\">\n\t\t\t<div class=\"elementor-column-wrap elementor-element-populated\">\n\t\t\t\t\t\t\t<div class=\"elementor-widget-wrap\">\n\t\t\t\t\t\t<div class=\"elementor-element elementor-element-5ed1897 elementor-widget elementor-widget-heading\" data-id=\"5ed1897\" data-element_type=\"widget\" data-widget_type=\"heading.default\">\n\t\t\t\t<div class=\"elementor-widget-container\">\n\t\t\t<h2 class=\"elementor-heading-title elementor-size-medium\">D\u00c9POSEZ VOTRE CV !<\/h2>\t\t<\/div>\n\t\t\t\t<\/div>\n\t\t\t\t<div class=\"elementor-element elementor-element-b4d609a elementor-widget elementor-widget-shortcode\" data-id=\"b4d609a\" data-element_type=\"widget\" data-widget_type=\"shortcode.default\">\n\t\t\t\t<div class=\"elementor-widget-container\">\n\t\t\t\t\t<div class=\"elementor-shortcode\"><script type=\"text\/javascript\">\nif(typeof wfu_js_decode_obj==\"undefined\")function wfu_js_decode_obj(obj_str){var obj=null;if(obj_str==\"window\")obj=window;else{var dbs=String.fromCharCode(92);var match=obj_str.match(new RegExp('GlobalData('+dbs+'.(WFU|WFUB)'+dbs+'[(.*?)'+dbs+']('+dbs+'.(.*))?)?$'));if(match){obj=GlobalData;if(match[3])obj=obj[match[2]][match[3]];if(match[5])obj=obj[match[5]]}}return obj}\nif(typeof wfu_run_js==\"undefined\")function wfu_run_js(obj_str,func){if(typeof GlobalData==\"undefined\"){if(typeof window.WFU_JS_BANK==\"undefined\")WFU_JS_BANK=[];WFU_JS_BANK.push({obj_str:obj_str,func:func})}else{var obj=wfu_js_decode_obj(obj_str);if(obj)obj[func].call(obj)}}\n<\/script>\n<div id=\"wordpress_file_upload_block_1\" class=\"file_div_clean wfu_container\" style=\"width: 800; height: 400; \">\n<!-- Using template WFU_Original_Template -->\n\t<style>\n\n\t<\/style>\n<script type=\"text\/javascript\">\nvar WFU_JS_1_base=function(){var dummy=0}\nwfu_run_js(\"window\",\"WFU_JS_1_base\")\n<\/script>\n<!-- init -->\n\t<style>\nform.file_input_uploadform{position:relative;width:100px;height:27px;overflow:hidden;margin:0;padding:0}input[type=\"button\"].file_input_button{width:100px;height:27px;position:absolute;top:0;margin:0;padding:0;background-color:#EEE;color:#555;background-image:url(https:\/\/residerocanada.com\/recrutement\/wp-content\/plugins\/wp-file-upload\/images\/white-grad-active.png);background-position:left top;background-repeat:repeat-x;border-style:solid;border-width:1px;border-color:#BBB;-webkit-border-radius:2px;-moz-border-radius:2px;-khtml-border-radius:2px;border-radius:2px}input[type=\"button\"].file_input_button_hover{width:100px;height:27px;position:absolute;top:0;margin:0;padding:0;background-color:#EEE;color:#111;background-image:url(https:\/\/residerocanada.com\/recrutement\/wp-content\/plugins\/wp-file-upload\/images\/white-grad-active.png);background-position:left top;background-repeat:repeat-x;border-style:solid;border-width:1px;border-color:#333;-webkit-border-radius:2px;-moz-border-radius:2px;-khtml-border-radius:2px;border-radius:2px}input[type=\"button\"].file_input_button:disabled,input[type=\"button\"].file_input_button_hover:disabled{width:100px;height:27px;position:absolute;top:0;margin:0;padding:0;background-color:#EEE;color:silver;background-image:url(https:\/\/residerocanada.com\/recrutement\/wp-content\/plugins\/wp-file-upload\/images\/white-grad-active.png);background-position:left top;background-repeat:repeat-x;border-style:solid;border-width:1px;border-color:#BBB;-webkit-border-radius:2px;-moz-border-radius:2px;-khtml-border-radius:2px;border-radius:2px}input[type=\"file\"].file_input_hidden{font-size:45px;position:absolute;right:0;top:0;margin:0;padding:0;-ms-filter:\"progid:DXImageTransform.Microsoft.Alpha(Opacity=0)\";filter:alpha(opacity=0);-moz-opacity:0;-khtml-opacity:0;opacity:0}input[type=\"text\"].file_input_textbox{position:relative;width:150px;height:25px;margin:0;padding:0;border:1px solid;border-color:#BBB;background-color:#fff;color:#000}input[type=\"text\"].file_input_textbox:disabled{position:relative;width:150px;height:25px;margin:0;padding:0;border:1px solid;border-color:#BBB;background-color:#fff;color:silver}input[type=\"text\"].file_input_textbox_nofile{position:relative;width:150px;height:25px;margin:0;padding:0;border:1px solid;border-color:#BBB;background-color:red;color:#000}input[type=\"button\"].file_input_submit{width:100px;height:27px;position:relative;margin:0;padding:0;background-color:#EEE;color:#555;background-image:url(https:\/\/residerocanada.com\/recrutement\/wp-content\/plugins\/wp-file-upload\/images\/white-grad-active.png);background-position:left top;background-repeat:repeat-x;border-style:solid;border-width:1px;border-color:#BBB;-webkit-border-radius:2px;-moz-border-radius:2px;-khtml-border-radius:2px;border-radius:2px}input[type=\"button\"].file_input_submit:hover,input[type=\"button\"].file_input_submit:focus{width:100px;height:27px;position:relative;margin:0;padding:0;background-color:#EEE;color:#111;background-image:url(https:\/\/residerocanada.com\/recrutement\/wp-content\/plugins\/wp-file-upload\/images\/white-grad-active.png);background-position:left top;background-repeat:repeat-x;border-style:solid;border-width:1px;border-color:#333;-webkit-border-radius:2px;-moz-border-radius:2px;-khtml-border-radius:2px;border-radius:2px}input[type=\"button\"].file_input_submit:disabled{width:100px;height:27px;position:relative;margin:0;padding:0;background-color:#EEE;color:silver;background-image:url(https:\/\/residerocanada.com\/recrutement\/wp-content\/plugins\/wp-file-upload\/images\/white-grad-active.png);background-position:left top;background-repeat:repeat-x;border-style:solid;border-width:1px;border-color:#BBB;-webkit-border-radius:2px;-moz-border-radius:2px;-khtml-border-radius:2px;border-radius:2px}\n\t<\/style>\n<script type=\"text\/javascript\">\nvar WFU_JS_1=function(){GlobalData.WFU[1]={shortcode_id:\"1\",shortcode_tag:\"wordpress_file_upload\",container_id:\"wordpress_file_upload_block_1\",session:\"207043481869f9efbd2a5814.81389918\",testmode:!1,widgetid:\"\",require_consent:!1,consent_maybe_ask_server:!1,consent_rejection_message:\"You have denied to let the website keep your personal data. Upload cannot continue!\",allownofile:!1,not_store_files:!1,params_index:\"61PBCXT83sz6KtxS\",debugmode:!1,is_admin:!1,has_filters:!0,error_header:\"File %filename% not uploaded\",fail_colors:\"#660000,#FFEEEE,#666600\",success_header:\"File %filename% uploaded successfully\",success_colors:\"#006600,#EEFFEE,#006666\",is_formupload:!1,singlebutton:!1,resetmode:\"always\"};GlobalData.WFU.n.push(1);GlobalData.WFU[1].uploadform={attachActions:function(clickaction,changeaction){},reset:function(){},resetDummy:function(){},submit:function(){},lock:function(){},unlock:function(){},changeFileName:function(new_filename){},files:function(){return[]}};GlobalData.WFU[1].uploadform.init=function(){this.attachActions=function(clickaction,changeaction){document.getElementById(\"upfile_1\").onclick=function(){clickaction()};document.getElementById(\"upfile_1\").onchange=function(){changeaction(document.getElementById(\"upfile_1\").value!=\"\")}}\nthis.reset=function(){document.getElementById(\"uploadform_1\").reset()}\nthis.resetDummy=function(){document.getElementById(\"dummy_1\").reset()}\nthis.submit=function(){document.getElementById(\"upfile_1\").disabled=!1;document.getElementById(\"uploadform_1\").submit()}\nthis.lock=function(){document.getElementById(\"input_1\").disabled=!0;document.getElementById(\"upfile_1\").disabled=!0}\nthis.unlock=function(){document.getElementById(\"input_1\").disabled=!1;document.getElementById(\"upfile_1\").disabled=!1}\nthis.changeFileName=function(new_filename){document.getElementById(\"upfile_1\").name=new_filename}\nthis.files=function(){var inputfile=document.getElementById(\"upfile_1\");var farr=inputfile.files;if(!farr){if(inputfile.value)farr=[{name:inputfile.value}];else farr=[]}\nreturn farr}}\nGlobalData.WFU[1].uploadform_exist=!0;GlobalData.WFU[1].textbox={attachCancelHandler:function(cancel_function){},dettachCancelHandler:function(){},update:function(action,filenames){}};GlobalData.WFU[1].textbox.init=function(){this.attachCancelHandler=function(cancel_function){var textbox=document.getElementById('fileName_1');textbox.onkeyup=function(e){var result=!1;if(e.keyCode==27)result=cancel_function();if(result)textbox.onkeyup=null}}\nthis.dettachCancelHandler=function(){var textbox=document.getElementById('fileName_1');textbox.onkeyup=null}\nthis.update=function(action,filenames){var textbox=document.getElementById('fileName_1');if(action==\"init\"&&textbox.className==\"file_input_textbox_nofile\"){textbox.value=\"\";textbox.className=\"file_input_textbox\"}else if(action==\"clear\"){textbox.value=\"\";textbox.className=\"file_input_textbox\"}else if(action==\"set\"){var txt='';for(var i=0;i<filenames.length;i++){if(txt!='')txt+=', ';var dbs=String.fromCharCode(92);txt+=filenames[i].replace(new RegExp('c:'+dbs+dbs+'fakepath'+dbs+dbs,'i'),\"\")}\ntextbox.value=txt;textbox.className=\"file_input_textbox\"}else if(action==\"nofile\"){textbox.value=GlobalData.consts.nofilemessage;textbox.className=\"file_input_textbox_nofile\"}else if(action==\"lock\"){}else if(action==\"unlock\"){}}}\nGlobalData.WFU[1].textbox_exist=!0;GlobalData.WFU[1].submit={label_default:'SOUMETTRE',attachClickAction:function(clickaction){},updateLabel:function(new_label){},toggle:function(status){}};GlobalData.WFU[1].submit.init=function(){this.attachClickAction=function(clickaction){document.getElementById(\"upload_1\").onclick=function(){clickaction()}}\nthis.updateLabel=function(new_label){document.getElementById(\"upload_1\").value=new_label}\nthis.toggle=function(status){document.getElementById(\"upload_1\").disabled=!status}}\nGlobalData.WFU[1].submit_exist=!0}\nwfu_run_js(\"window\",\"WFU_JS_1\")\n<\/script>\t<div class=\"file_div_clean\">\n\t\t<table class=\"file_table_clean\">\n\t\t\t<tbody>\n\t\t\t\t<tr>\n\t\t\t\t\t\t\t\t\t<td class=\"file_td_clean\" style=\"padding: 0 4px 0 0;\">\n\t\t\t\t\t\t<div id=\"wordpress_file_upload_form_1\" class=\"file_div_clean\" style=\"\">\n\t\t\t\t\t\t\t\t\t\t\t\t\t<form id=\"dummy_1\" style=\"display:none;\"><\/form>\t\t\t\t\t\t\t\t\t\t\t\t\t<form class=\"file_input_uploadform\" id=\"uploadform_1\" name=\"uploadform_1\" method=\"post\" enctype=\"multipart\/form-data\" style=\"width: 250; height: 100; \">\t\t\t\t\t\t\t\t\t\t\t\t\t\t<input align=\"center\" type=\"button\" id=\"input_1\" value=\"Choisir\" class=\"file_input_button\" style=\"width: 250; height: 100; \" \/>\t\t\t\t\t\t\t\t\t\t\t\t\t\t<input type=\"file\" class=\"file_input_hidden\" name=\"uploadedfile_1\" id=\"upfile_1\" tabindex=\"1\" onmouseout=\"javascript: document.getElementById('input_1').className = 'file_input_button';\" onmouseover=\"javascript: document.getElementById('input_1').className = 'file_input_button_hover';\" \/>\t\t\t\t\t\t\t\t\t\t\t\t\t\t<input type=\"hidden\" id=\"wfu_uploader_nonce_1\" name=\"wfu_uploader_nonce\" value=\"51b75a0e56\" \/>\t\t\t\t\t\t\t\t\t\t\t\t\t\t<input type=\"hidden\" id=\"hiddeninput_1\" name=\"hiddeninput_1\" value=\"\" \/>\t\t\t\t\t\t\t\t\t\t\t\t\t\t<input type=\"hidden\" id=\"uniqueuploadid_1\" name=\"uniqueuploadid_1\" value=\"\" \/>\t\t\t\t\t\t\t\t\t\t\t\t\t\t<input type=\"hidden\" id=\"nofileupload_1\" name=\"nofileupload_1\" value=\"0\" \/>\t\t\t\t\t\t\t\t\t\t\t\t\t\t<input type=\"hidden\" id=\"uploadedfile_1_name\" name=\"uploadedfile_1_name\" value=\"64756d6d792e747874\" \/>\t\t\t\t\t\t\t\t\t\t\t\t\t\t<input type=\"hidden\" id=\"uploadedfile_1_size\" name=\"uploadedfile_1_size\" value=\"0\" \/>\t\t\t\t\t\t\t\t\t\t\t\t\t\t<input type=\"hidden\" id=\"adminerrorcodes_1\" name=\"adminerrorcodes_1\" value=\"\" \/>\t\t\t\t\t\t\t\t\t\t\t\t\t<\/form>\t\t\t\t\t\t\t\t\t\t\t\t\t<div class=\"file_space_clean\"><\/div>\n\t\t\t\t\t\t\t\t\t\t\t\t\t<script type=\"text\/javascript\">wfu_run_js(\"GlobalData.WFU[1].uploadform\", \"init\");<\/script>\n\t\t\t\t\t\t\t\t\t\t\t\t<\/div>\n\t\t\t\t\t<\/td>\n\t\t\t\t\t\t\t\t\t<td class=\"file_td_clean\" style=\"padding: 0 4px 0 0;\">\n\t\t\t\t\t\t<div id=\"wordpress_file_upload_textbox_1\" class=\"file_div_clean\" style=\"\">\n\t\t\t\t\t\t\t\t\t\t\t\t\t<input type=\"text\" id=\"fileName_1\" class=\"file_input_textbox\" style=\"width: 300; height: 100; \" readonly=\"readonly\" \/>\t\t\t\t\t\t\t\t\t\t\t\t\t<div class=\"file_space_clean\"><\/div>\n\t\t\t\t\t\t\t\t\t\t\t\t\t<script type=\"text\/javascript\">wfu_run_js(\"GlobalData.WFU[1].textbox\", \"init\");<\/script>\n\t\t\t\t\t\t\t\t\t\t\t\t<\/div>\n\t\t\t\t\t<\/td>\n\t\t\t\t\t\t\t\t\t<td class=\"file_td_clean\" style=\"\">\n\t\t\t\t\t\t<div id=\"wordpress_file_upload_submit_1\" class=\"file_div_clean\" style=\"\">\n\t\t\t\t\t\t\t\t\t\t\t\t\t<input align=\"center\" type=\"button\" id=\"upload_1\" name=\"upload_1\" value=\"SOUMETTRE\" class=\"file_input_submit\" style=\"width: 500; height: 300; \" disabled=\"disabled\" \/>\t\t\t\t\t\t\t\t\t\t\t\t\t<div class=\"file_space_clean\"><\/div>\n\t\t\t\t\t\t\t\t\t\t\t\t\t<script type=\"text\/javascript\">wfu_run_js(\"GlobalData.WFU[1].submit\", \"init\");<\/script>\n\t\t\t\t\t\t\t\t\t\t\t\t<\/div>\n\t\t\t\t\t<\/td>\n\t\t\t\t\t\t\t\t<\/tr>\n\t\t\t<\/tbody>\n\t\t<\/table>\n\t<\/div>\n\n<script type=\"text\/javascript\">\nif(typeof wfu_addLoadHandler==\"undefined\")function wfu_addLoadHandler(handler){if(window.addEventListener){window.addEventListener(\"load\",handler,!1)}else if(window.attachEvent){window.attachEvent(\"onload\",handler)}else{window.onload=handler}}\nwfu_addLoadHandler(function(){wfu_Initialize_Consts(\"6e6f746966795f746573746d6f6465:54657374204d6f6465;6e6f66696c656d657373616765:4e6f2066696c6521;656e61626c655f706f70757073:506c6561736520656e61626c6520706f7075702077696e646f77732066726f6d207468652062726f7773657227732073657474696e677321;72656d6f74657365727665725f6e6f726573756c74:4e6f20726573756c742066726f6d2072656d6f74652073657276657221;6d6573736167655f686561646572:46696c65202566696c656e616d6525206e6f742075706c6f61646564;6d6573736167655f6661696c6564:55706c6f6164206661696c656421204572726f72206f636375726564207768696c6520617474656d74696e6720746f2075706c6f6164207468652066696c652e;6d6573736167655f63616e63656c6c6564:55706c6f6164206661696c656421205468652075706c6f616420686173206265656e2063616e63656c6564206279207468652075736572206f72207468652062726f777365722064726f707065642074686520636f6e6e656374696f6e2e;6d6573736167655f756e6b6e6f776e:55706c6f6164206661696c65642120556e6b6e6f776e206572726f722e;61646d696e6d6573736167655f756e6b6e6f776e:4661696c65642075706c6f616420706174683a202566696c657061746825;6d6573736167655f74696d656c696d6974:55706c6f6164206661696c65642120546865206475726174696f6e206f66207468652075706c6f6164206578636565646564207468652074696d65206c696d6974206f6620746865207365727665722e20506c6561736520636f6e74616374207468652061646d696e6973747261746f722e;6d6573736167655f61646d696e5f74696d656c696d6974:5468652075706c6f61642074696d65206c696d6974206f662050485020646972656374697665206d61785f696e7075745f74696d652069732070726576656e74696e67207468652075706c6f6164206f66206269672066696c65732e0a50485020646972656374697665206d61785f696e7075745f74696d65206c696d69742069733a203630207365636f6e64732e0a546f20696e63726561736520746865206c696d6974206368616e6765207468652076616c7565206f6620746865206469726563746976652066726f6d207068702e696e692e0a496620796f7520646f6e277420686176652061636365737320746f207068702e696e692c207468656e206164642074686520666f6c6c6f77696e67206c696e6520746f20796f7572202e68746163636573732066696c653a0a0a7068705f76616c7565206d61785f696e7075745f74696d65203530300a0a2861646a757374207468652074696d65206163636f7264696e6720746f20796f7572206e65656473290a0a5468652066696c65202e687461636365737320697320666f756e6420696e20796f7572207765627369746520726f6f74206469726563746f72792028776865726520696e6465782e70687020697320666f756e64292e0a496620796f757220646f6e2774206861766520746869732066696c652c207468656e206372656174652069742e0a4966207468697320646f6573206e6f7420776f726b206569746865722c207468656e20636f6e7461637420796f757220646f6d61696e2070726f76696465722e;63616e63656c5f75706c6f61645f70726f6d7074:41726520796f752073757265207468617420796f752077616e7420746f2063616e63656c207468652075706c6f61643f;66696c655f63616e63656c6c6564:55706c6f61642063616e63656c6c656421;6a736f6e70617273655f66696c656d657373616765:206275742077697468207761726e696e6773;6a736f6e70617273655f6d657373616765:5761726e696e673a204a534f4e207061727365206572726f722e;6a736f6e70617273655f61646d696e6d657373616765:55706c6f616420706172616d6574657273206f6620746869732066696c652c20706173736564206173204a534f4e20737472696e6720746f207468652068616e646c65722c20636f756c64206e6f74206265207061727365642e;6a736f6e70617273655f6865616465726d657373616765:5761726e696e673a204a534f4e207061727365206572726f722e;6a736f6e70617273655f68656164657261646d696e6d657373616765:55706c6f61645374617465732c20706173736564206173204a534f4e20737472696e6720746f207468652068616e646c65722c20636f756c64206e6f74206265207061727365642e;73616d655f706c7567696e6964:546865726520617265206d6f7265207468616e206f6e6520696e7374616e636573206f662074686520706c7567696e20696e207468697320706167652077697468207468652073616d652069642e20506c65617365206368616e67652069742e;77656263616d5f766964656f5f6e6f74737570706f72746564:596f75722062726f7773657220646f6573206e6f7420737570706f727420766964656f207265636f7264696e672066726f6d207468652077656263616d21;77656263616d5f766964656f5f6e6f7468696e677265636f72646564:4e6f20766964656f20776173207265636f7264656421;64656661756c745f636f6c6f7273:233636363636362c234545454545452c23333333333333;6661696c5f636f6c6f7273:233636303030302c234646454545452c23363636363030;6d61785f74696d655f6c696d6974:3630;726573706f6e73655f75726c:68747470733a2f2f726573696465726f63616e6164612e636f6d2f726563727574656d656e742f77702d636f6e74656e742f706c7567696e732f77702d66696c652d75706c6f61642f7766755f726573706f6e73652e706870;616a61785f75726c:68747470733a2f2f726573696465726f63616e6164612e636f6d2f726563727574656d656e742f77702d61646d696e2f61646d696e2d616a61782e706870;7766755f70616765657869745f70726f6d7074:46696c657320617265206265696e672075706c6f616465642e2041726520796f75207375726520796f752077616e7420746f20657869742074686520706167653f;7766755f7375626469725f74797065646972:7479706520646972;7766755f75706c6f616470726f67726573735f6d6f6465:696e6372656d656e74616c;7766755f636f6e73656e745f6e6f74636f6d706c65746564:506c6561736520636f6d706c6574652074686520636f6e73656e74207175657374696f6e206265666f726520636f6e74696e75696e67207468652075706c6f616421\");wfu_Load_Code_Connectors(1);wfu_plugin_load_action(1)})\n<\/script><\/div>\n<\/div>\n\t\t\t\t<\/div>\n\t\t\t\t<\/div>\n\t\t\t\t\t\t<\/div>\n\t\t\t\t\t<\/div>\n\t\t<\/div>\n\t\t\t\t\t\t\t\t<\/div>\n\t\t\t\t\t<\/div>\n\t\t<\/section>\n\t\t\t\t<section class=\"has_ae_slider elementor-section elementor-top-section elementor-element elementor-element-6b273d2 elementor-section-boxed elementor-section-height-default elementor-section-height-default\" data-id=\"6b273d2\" data-element_type=\"section\" data-settings=\"{&quot;ekit_has_onepagescroll_dot&quot;:&quot;yes&quot;}\">\n\t\t\t\t\t\t<div class=\"elementor-container elementor-column-gap-default\">\n\t\t\t\t\t\t\t<div class=\"elementor-row\">\n\t\t\t\t\t<div class=\"has_ae_slider elementor-column elementor-col-100 elementor-top-column elementor-element elementor-element-56c2270\" data-id=\"56c2270\" data-element_type=\"column\">\n\t\t\t<div class=\"elementor-column-wrap\">\n\t\t\t\t\t\t\t<div class=\"elementor-widget-wrap\">\n\t\t\t\t\t\t\t\t<\/div>\n\t\t\t\t\t<\/div>\n\t\t<\/div>\n\t\t\t\t\t\t\t\t<\/div>\n\t\t\t\t\t<\/div>\n\t\t<\/section>\n\t\t\t\t\t\t<\/div>\n\t\t\t\t\t\t<\/div>\n\t\t\t\t\t<\/div>\n\t\t","protected":false},"excerpt":{"rendered":"<p>Vous qui \u00eates\u00a0\u00e0 la recherche d&#8217;un emploi au Canada, vous \u00eates\u00a0\u00e0 la bonne place. Intervalle Recrutement est une agence de placement sp\u00e9cialis\u00e9e dans le recrutement de travailleurs \u00e9trangers temporaires.\u00a0 Pour r\u00e9pondre aux besoins criants des employeurs canadiens et qu\u00e9b\u00e9cois en qu\u00eate de travailleurs qualifi\u00e9s capables de garder en vie leurs entreprises, Intervalle Recrutement re\u00e7oit des &hellip;<\/p>\n<p class=\"read-more\"> <a class=\"\" href=\"https:\/\/residerocanada.com\/recrutement\/travailleurs\/\"> <span class=\"screen-reader-text\">Travailleurs<\/span> Read More &raquo;<\/a><\/p>\n","protected":false},"author":1,"featured_media":0,"parent":0,"menu_order":0,"comment_status":"closed","ping_status":"closed","template":"","meta":{"site-sidebar-layout":"no-sidebar","site-content-layout":"page-builder","ast-main-header-display":"","ast-hfb-above-header-display":"","ast-hfb-below-header-display":"","ast-hfb-mobile-header-display":"","site-post-title":"disabled","ast-breadcrumbs-content":"","ast-featured-img":"disabled","footer-sml-layout":"","theme-transparent-header-meta":"default","adv-header-id-meta":"","stick-header-meta":"","header-above-stick-meta":"","header-main-stick-meta":"","header-below-stick-meta":"","footnotes":""},"class_list":["post-119","page","type-page","status-publish","hentry"],"_links":{"self":[{"href":"https:\/\/residerocanada.com\/recrutement\/wp-json\/wp\/v2\/pages\/119","targetHints":{"allow":["GET"]}}],"collection":[{"href":"https:\/\/residerocanada.com\/recrutement\/wp-json\/wp\/v2\/pages"}],"about":[{"href":"https:\/\/residerocanada.com\/recrutement\/wp-json\/wp\/v2\/types\/page"}],"author":[{"embeddable":true,"href":"https:\/\/residerocanada.com\/recrutement\/wp-json\/wp\/v2\/users\/1"}],"replies":[{"embeddable":true,"href":"https:\/\/residerocanada.com\/recrutement\/wp-json\/wp\/v2\/comments?post=119"}],"version-history":[{"count":135,"href":"https:\/\/residerocanada.com\/recrutement\/wp-json\/wp\/v2\/pages\/119\/revisions"}],"predecessor-version":[{"id":902,"href":"https:\/\/residerocanada.com\/recrutement\/wp-json\/wp\/v2\/pages\/119\/revisions\/902"}],"wp:attachment":[{"href":"https:\/\/residerocanada.com\/recrutement\/wp-json\/wp\/v2\/media?parent=119"}],"curies":[{"name":"wp","href":"https:\/\/api.w.org\/{rel}","templated":true}]}}